{"id":253,"date":"2020-02-17T11:57:57","date_gmt":"2020-02-17T10:57:57","guid":{"rendered":"https:\/\/uitleg.websiteclub.nl\/?page_id=253"},"modified":"2026-04-28T11:17:39","modified_gmt":"2026-04-28T09:17:39","slug":"home","status":"publish","type":"page","link":"https:\/\/meddygoossens.nl\/en\/","title":{"rendered":"Home"},"content":{"rendered":"<h4>\n\t\t\tAbout Meddy\t<\/h4>\n<h2>\n\t\tVan schaamte<br \/> naar\n\t\tkracht\n\t\t\t\t<\/h2>\t\n<figure data-animation-delay=\"0\" data-animation-duration=\"1\" itemscope itemtype=\"https:\/\/schema.org\/ImageObject\">\n\t\t\t\t<img decoding=\"async\" src=\"https:\/\/meddygoossens.nl\/wp-content\/uploads\/2026\/04\/Meddy-Goossens-5491.jpg\" alt=\"Meddy Goossens | home\" height=\"2500\" width=\"1843\" title=\"Meddy Goossens | home\" onerror=\"this.style.display='none'\" loading=\"lazy\" \/>\n\t<\/figure>\n<h4>\n\t\t\tMeddy Goossens vertelt haar verhaal over veerkracht en verbinding\t<\/h4>\n\t<p>Het leven van Meddy Goossens veranderde op haar negentiende in \u00e9\u00e9n klap, toen priv\u00e9beelden uit haar verleden zonder toestemming online verschenen. Wat volgde waren jaren waarin schaamte, stilte en schuldgevoel de boventoon voerden.<\/p>\n<p>De angst voor herkenning, gefluister en veroordelende blikken deden innerlijk veel met haar. Toch weerhield het Meddy niet van een carri\u00e8re in o.a. de politiek, crisiscommunicatie en projectleiding voor de overheid.<\/p>\n<p>Ze koos ervoor om haar verhaal niet het einde te laten zijn, maar een begin van iets groters. Ze doorbrak het zwijgen en ontdekte dat juist in kwetsbaarheid en radicale openheid een enorme kracht schuilt. De kracht om de regie over je eigen verhaal en leven te pakken en daarmee anderen te inspireren en bewust te maken.<\/p>\n<p>In haar boek <strong>SHAMING<\/strong> en als keynotespreker deelt ze haar rauwe verhaal, over haar donkerste momenten en het licht aan de horizon. Ze laat zien wat de impact is van ons gedrag en onze woorden. Online \u00e9n offline. Ze verbindt en maakt bespreekbaar wat we nog te vaak vermijden.<\/p>\n<p>Meddy laat zien dat \u00e9\u00e9n persoon het verschil kan maken voor een ander en dat, hoe heftig de situatie ook is, je er altijd voor kunt kiezen om er sterker en veerkrachtiger uit te komen.<\/p>\n\t\t\t<a href=\"https:\/\/meddygoossens.nl\/en\/boek-shaming\/\"  target=\"_self\">\n\t\t\t\t\t\t\tLees meer over het boek\n\t\t\t<\/a>\n<h4>\n\t\t\tHer story\t<\/h4>\n<h2>\n\t\tShaming en\n\t\tvictim blaming\n\t\t\t\t<\/h2>\t\n\t<p>\u00c9\u00e9n klik en een foto is doorgestuurd; \u00e9\u00e9n seconde die iemands leven kan bepalen. &#8220;Dom, eigen schuld&#8221; is vaak de eerste reactie, maar niet helpend. Het is al gebeurd. Meddy wil anderen laten begrijpen wat slachtoffers doormaken en hoe &#8216;victim blaming&#8217;: de schuld bij het slachtoffer leggen, soms nog pijnlijker is dan hatelijke online reacties.<\/p>\n<p>Ze wil het gesprek voeren dat we al te lang mijden. Over sexting, schaamte en hoe we met elkaar omgaan in een digitale tijd, waar ook AI deel van uitmaakt. Dwars door het ongemak heen, taboes doorbrekend.<\/p>\n\t\t\t<a href=\"https:\/\/meddygoossens.nl\/en\/shaming-en-victim-blaming\/\"  target=\"_self\">\n\t\t\t\t\t\t\tRead more about shaming\n\t\t\t<\/a>\n\t<p>Ik geloof nog altijd in liefde in de wereld en ik geloof nog altijd in mensen. Ook al hebben heel veel mensen in mijn leven me daar weinig reden toe gegeven.<\/p>\n<h4>\n\t\t\tMeddy goossens\t<\/h4>\n<h4>\n\t\t\tThe book\t<\/h4>\n<h2>\n\t\t\tMeddy&#8217;s boek: SHAMING\t<\/h2>\n\t\t\t\t<p>&#8220;Ik schreef een boek. Over hoe het voelt om ongewild naakt op internet te staan. Wat er gebeurt als de media je naam noemt, maar niet je waarheid. Hoe digitale vernedering je carri\u00e8re, je relaties, je toekomst kan verscheuren. Tenzij je besluit om iets anders met die pijn te doen.&#8221;<\/p>\n\t<p>Jarenlang vertelden anderen verhalen over haar, nu vertelt Meddy haar verhaal zelf: rauw en eerlijk.<\/p>\n\t\t\t<a href=\"https:\/\/meddygoossens.nl\/en\/boek-shaming\/\"  target=\"_self\">\n\t\t\t\t\t\t\tLees meer over het boek\n\t\t\t<\/a>\n<h2>\n\t\tWelkom bij de\n\t\tboeklancering\n\t\t\t\t<\/h2>\t\n\t<strong>Locatie<\/strong>: Kasteel Elsloo<br \/>\n<strong>Datum<\/strong>: dinsdag 9 juni 2026<br \/>\n<strong>Start<\/strong><strong>\u00a0programma:\u00a0<\/strong>19:00u (inloop vanaf 18.30u)<br \/>\n<strong>Einde<\/strong>: rond 21.00u\n\t\t\t<a href=\"https:\/\/www.eventbrite.com\/e\/tickets-shaming-boeklancering-meddy-goossens-1987811898900?aff=web\"  target=\"_blank\" rel=\"noopener\">\n\t\t\t\t\t\t\tMeer info en aanmelden\n\t\t\t<\/a>\n<figure data-animation-delay=\"0\" data-animation-duration=\"1\" itemscope itemtype=\"https:\/\/schema.org\/ImageObject\">\n\t\t\t\t<img decoding=\"async\" src=\"https:\/\/meddygoossens.nl\/wp-content\/uploads\/2026\/04\/Boek-Shaming-Meddy-Goossens.jpg\" alt=\"Boek Shaming - Meddy Goossens\" height=\"1600\" width=\"1042\" title=\"Boek Shaming - Meddy Goossens\" onerror=\"this.style.display='none'\" loading=\"lazy\" \/>\n\t<\/figure>","protected":false},"excerpt":{"rendered":"<p>OVER MEDDY Van schaamte naar kracht Meddy Goossens vertelt haar verhaal over veerkracht en verbinding Het leven van Meddy Goossens veranderde op haar negentiende in \u00e9\u00e9n klap, toen priv\u00e9beelden uit haar verleden zonder toestemming online verschenen. Wat volgde waren jaren waarin schaamte, stilte en schuldgevoel de boventoon voerden. De angst voor herkenning, gefluister en veroordelende&hellip;<\/p>","protected":false},"author":3,"featured_media":0,"parent":0,"menu_order":0,"comment_status":"closed","ping_status":"closed","template":"","meta":{"footnotes":""},"class_list":["post-253","page","type-page","status-publish","hentry"],"yoast_head":"<!-- This site is optimized with the Yoast SEO plugin v27.5 - https:\/\/yoast.com\/product\/yoast-seo-wordpress\/ -->\n<title>Meddy Goosses - spreker &amp; auteur over shaming<\/title>\n<meta name=\"description\" content=\"Meddy Goossens doorbreekt taboes over digitale schaamte en victim blaming. Als spreker en auteur van SHAMING zet ze haar verhaal in voor anderen.\" \/>\n<meta name=\"robots\" content=\"index, follow, max-snippet:-1, max-image-preview:large, max-video-preview:-1\" \/>\n<link rel=\"canonical\" href=\"https:\/\/meddygoossens.nl\/en\/\" \/>\n<meta property=\"og:locale\" content=\"en_US\" \/>\n<meta property=\"og:type\" content=\"article\" \/>\n<meta property=\"og:title\" content=\"Meddy Goosses - spreker &amp; auteur over shaming\" \/>\n<meta property=\"og:description\" content=\"Meddy Goossens doorbreekt taboes over digitale schaamte en victim blaming. Als spreker en auteur van SHAMING zet ze haar verhaal in voor anderen.\" \/>\n<meta property=\"og:url\" content=\"https:\/\/meddygoossens.nl\/en\/\" \/>\n<meta property=\"og:site_name\" content=\"Meddy Goossens\" \/>\n<meta property=\"article:modified_time\" content=\"2026-04-28T09:17:39+00:00\" \/>\n<meta property=\"og:image\" content=\"https:\/\/meddygoossens.nl\/wp-content\/uploads\/2026\/04\/Meddy-Goossens-5491.jpg\" \/>\n<meta name=\"twitter:card\" content=\"summary_large_image\" \/>\n<meta name=\"twitter:label1\" content=\"Est. reading time\" \/>\n\t<meta name=\"twitter:data1\" content=\"4 minutes\" \/>\n<script type=\"application\/ld+json\" class=\"yoast-schema-graph\">{\"@context\":\"https:\\\/\\\/schema.org\",\"@graph\":[{\"@type\":\"WebPage\",\"@id\":\"https:\\\/\\\/meddygoossens.nl\\\/\",\"url\":\"https:\\\/\\\/meddygoossens.nl\\\/\",\"name\":\"Meddy Goosses - spreker & auteur over shaming\",\"isPartOf\":{\"@id\":\"https:\\\/\\\/meddygoossens.nl\\\/#website\"},\"primaryImageOfPage\":{\"@id\":\"https:\\\/\\\/meddygoossens.nl\\\/#primaryimage\"},\"image\":{\"@id\":\"https:\\\/\\\/meddygoossens.nl\\\/#primaryimage\"},\"thumbnailUrl\":\"https:\\\/\\\/meddygoossens.nl\\\/wp-content\\\/uploads\\\/2026\\\/04\\\/Meddy-Goossens-5491.jpg\",\"datePublished\":\"2020-02-17T10:57:57+00:00\",\"dateModified\":\"2026-04-28T09:17:39+00:00\",\"description\":\"Meddy Goossens doorbreekt taboes over digitale schaamte en victim blaming. Als spreker en auteur van SHAMING zet ze haar verhaal in voor anderen.\",\"breadcrumb\":{\"@id\":\"https:\\\/\\\/meddygoossens.nl\\\/#breadcrumb\"},\"inLanguage\":\"en-US\",\"potentialAction\":[{\"@type\":\"ReadAction\",\"target\":[\"https:\\\/\\\/meddygoossens.nl\\\/\"]}]},{\"@type\":\"ImageObject\",\"inLanguage\":\"en-US\",\"@id\":\"https:\\\/\\\/meddygoossens.nl\\\/#primaryimage\",\"url\":\"https:\\\/\\\/meddygoossens.nl\\\/wp-content\\\/uploads\\\/2026\\\/04\\\/Meddy-Goossens-5491.jpg\",\"contentUrl\":\"https:\\\/\\\/meddygoossens.nl\\\/wp-content\\\/uploads\\\/2026\\\/04\\\/Meddy-Goossens-5491.jpg\"},{\"@type\":\"BreadcrumbList\",\"@id\":\"https:\\\/\\\/meddygoossens.nl\\\/#breadcrumb\",\"itemListElement\":[{\"@type\":\"ListItem\",\"position\":1,\"name\":\"Home\",\"item\":\"https:\\\/\\\/meddygoossens.nl\\\/\"},{\"@type\":\"ListItem\",\"position\":2,\"name\":\"Home\"}]},{\"@type\":\"WebSite\",\"@id\":\"https:\\\/\\\/meddygoossens.nl\\\/#website\",\"url\":\"https:\\\/\\\/meddygoossens.nl\\\/\",\"name\":\"Meddy Goossens\",\"description\":\"Spreker &amp; Auteur\",\"potentialAction\":[{\"@type\":\"SearchAction\",\"target\":{\"@type\":\"EntryPoint\",\"urlTemplate\":\"https:\\\/\\\/meddygoossens.nl\\\/?s={search_term_string}\"},\"query-input\":{\"@type\":\"PropertyValueSpecification\",\"valueRequired\":true,\"valueName\":\"search_term_string\"}}],\"inLanguage\":\"en-US\"}]}<\/script>\n<!-- \/ Yoast SEO plugin. -->","yoast_head_json":{"title":"Meddy Goosses - spreker & auteur over shaming","description":"Meddy Goossens doorbreekt taboes over digitale schaamte en victim blaming. Als spreker en auteur van SHAMING zet ze haar verhaal in voor anderen.","robots":{"index":"index","follow":"follow","max-snippet":"max-snippet:-1","max-image-preview":"max-image-preview:large","max-video-preview":"max-video-preview:-1"},"canonical":"https:\/\/meddygoossens.nl\/en\/","og_locale":"en_US","og_type":"article","og_title":"Meddy Goosses - spreker & auteur over shaming","og_description":"Meddy Goossens doorbreekt taboes over digitale schaamte en victim blaming. Als spreker en auteur van SHAMING zet ze haar verhaal in voor anderen.","og_url":"https:\/\/meddygoossens.nl\/en\/","og_site_name":"Meddy Goossens","article_modified_time":"2026-04-28T09:17:39+00:00","og_image":[{"url":"https:\/\/meddygoossens.nl\/wp-content\/uploads\/2026\/04\/Meddy-Goossens-5491.jpg","type":"","width":"","height":""}],"twitter_card":"summary_large_image","twitter_misc":{"Est. reading time":"4 minutes"},"schema":{"@context":"https:\/\/schema.org","@graph":[{"@type":"WebPage","@id":"https:\/\/meddygoossens.nl\/","url":"https:\/\/meddygoossens.nl\/","name":"Meddy Goosses - spreker & auteur over shaming","isPartOf":{"@id":"https:\/\/meddygoossens.nl\/#website"},"primaryImageOfPage":{"@id":"https:\/\/meddygoossens.nl\/#primaryimage"},"image":{"@id":"https:\/\/meddygoossens.nl\/#primaryimage"},"thumbnailUrl":"https:\/\/meddygoossens.nl\/wp-content\/uploads\/2026\/04\/Meddy-Goossens-5491.jpg","datePublished":"2020-02-17T10:57:57+00:00","dateModified":"2026-04-28T09:17:39+00:00","description":"Meddy Goossens doorbreekt taboes over digitale schaamte en victim blaming. Als spreker en auteur van SHAMING zet ze haar verhaal in voor anderen.","breadcrumb":{"@id":"https:\/\/meddygoossens.nl\/#breadcrumb"},"inLanguage":"en-US","potentialAction":[{"@type":"ReadAction","target":["https:\/\/meddygoossens.nl\/"]}]},{"@type":"ImageObject","inLanguage":"en-US","@id":"https:\/\/meddygoossens.nl\/#primaryimage","url":"https:\/\/meddygoossens.nl\/wp-content\/uploads\/2026\/04\/Meddy-Goossens-5491.jpg","contentUrl":"https:\/\/meddygoossens.nl\/wp-content\/uploads\/2026\/04\/Meddy-Goossens-5491.jpg"},{"@type":"BreadcrumbList","@id":"https:\/\/meddygoossens.nl\/#breadcrumb","itemListElement":[{"@type":"ListItem","position":1,"name":"Home","item":"https:\/\/meddygoossens.nl\/"},{"@type":"ListItem","position":2,"name":"Home"}]},{"@type":"WebSite","@id":"https:\/\/meddygoossens.nl\/#website","url":"https:\/\/meddygoossens.nl\/","name":"Meddy Goossens","description":"Spreker &amp; Auteur","potentialAction":[{"@type":"SearchAction","target":{"@type":"EntryPoint","urlTemplate":"https:\/\/meddygoossens.nl\/?s={search_term_string}"},"query-input":{"@type":"PropertyValueSpecification","valueRequired":true,"valueName":"search_term_string"}}],"inLanguage":"en-US"}]}},"_links":{"self":[{"href":"https:\/\/meddygoossens.nl\/en\/wp-json\/wp\/v2\/pages\/253","targetHints":{"allow":["GET"]}}],"collection":[{"href":"https:\/\/meddygoossens.nl\/en\/wp-json\/wp\/v2\/pages"}],"about":[{"href":"https:\/\/meddygoossens.nl\/en\/wp-json\/wp\/v2\/types\/page"}],"author":[{"embeddable":true,"href":"https:\/\/meddygoossens.nl\/en\/wp-json\/wp\/v2\/users\/3"}],"replies":[{"embeddable":true,"href":"https:\/\/meddygoossens.nl\/en\/wp-json\/wp\/v2\/comments?post=253"}],"version-history":[{"count":101,"href":"https:\/\/meddygoossens.nl\/en\/wp-json\/wp\/v2\/pages\/253\/revisions"}],"predecessor-version":[{"id":982,"href":"https:\/\/meddygoossens.nl\/en\/wp-json\/wp\/v2\/pages\/253\/revisions\/982"}],"wp:attachment":[{"href":"https:\/\/meddygoossens.nl\/en\/wp-json\/wp\/v2\/media?parent=253"}],"curies":[{"name":"wp","href":"https:\/\/api.w.org\/{rel}","templated":true}]}}