{"id":255,"date":"2020-02-17T11:58:09","date_gmt":"2020-02-17T10:58:09","guid":{"rendered":"https:\/\/uitleg.websiteclub.nl\/?page_id=255"},"modified":"2026-04-28T12:05:55","modified_gmt":"2026-04-28T10:05:55","slug":"contact","status":"publish","type":"page","link":"https:\/\/meddygoossens.nl\/en\/contact\/","title":{"rendered":"Contact"},"content":{"rendered":"<h1>\n\t\tContact met<br \/>\n\t\tMeddy Goossens\n\t\t\t\t<\/h1>\t\n<h4>\n\t\t\tSpreker &#038; Auteur\t<\/h4>\n<h2>\n\t\t\tKeynote aanvragen\t<\/h2>\n<h4>\n\t\t\tContactgegevens\t<\/h4>\n\t<strong>Meddy Goossens<br \/>\n<\/strong>Postbus 674<br \/>\n6200 AR Maastricht\n<p><a href=\"mailto:contact@meddygoossens.nl\">contact@meddygoossens.nl<\/a><\/p>\n<p>KVK 93607725<\/p>\n<figure itemscope itemtype=\"https:\/\/schema.org\/ImageObject\">\n\t\t\t\t<img decoding=\"async\" src=\"https:\/\/meddygoossens.nl\/wp-content\/uploads\/2026\/04\/Meddy-Goossens-5571.jpg\" alt=\"Meddy Goossens | contact\" height=\"2500\" width=\"1669\" title=\"Meddy Goossens | contact\" onerror=\"this.style.display='none'\" loading=\"lazy\" \/>\n\t<\/figure>\n<h4>\n\t\t\tThe book\t<\/h4>\n<h2>\n\t\tLees<br \/>\n\t\t\tMeddy&#8217;s verhaal\n\t\t\t<\/h2>\t\n\t<p>Wil je Meddy&#8217;s hele verhaal lezen? Dat kan, in haar boek SHAMING deelt ze alle pijnlijke momenten, maar ook de momenten die haar uiteindelijk de kracht gaven om zelf de touwtjes in handen te nemen, en haar verhaal z\u00e9lf te vertellen.<\/p>\n\t\t\t<a href=\"https:\/\/uitgeverijkompas.nl\/product\/shaming\/\"  target=\"_blank\" rel=\"noopener\">\n\t\t\t\t\t\t\tBestel hier Meddy&#8217;s boek\n\t\t\t\t\t<\/a>\n<h4>\n\t\t\tKeynotespreker\t<\/h4>\n<h2>\n\t\tLuister<br \/>\n\t\t\tnaar Meddy&#8217;s verhaal\n\t\t\t<\/h2>\t\n\t<p>De impact van \u00e9\u00e9n enkele beslissing kan groot zijn en nog jarenlang doorwerken. Hoe gaan we om met deze gevaren voor jongeren \u00e9n volwassenen in een digitaal tijdperk; als ouders, docenten, professionals en bestuurders? Als keynotespreker vertelt Meddy hier over.<\/p>\n\t\t\t<a href=\"\/en\/keynotespreker\/\"  target=\"_self\">\n\t\t\t\t\t\t\tMeer over Meddy als spreker\n\t\t\t\t\t<\/a>","protected":false},"excerpt":{"rendered":"<p>Contact met Meddy Goossens Spreker &#038; Auteur Keynote aanvragen Contactgegevens Meddy Goossens Postbus 674 6200 AR Maastricht contact@meddygoossens.nl KVK 93607725 Het boek Lees Meddy&#8217;s verhaal Wil je Meddy&#8217;s hele verhaal lezen? Dat kan, in haar boek SHAMING deelt ze alle pijnlijke momenten, maar ook de momenten die haar uiteindelijk de kracht gaven om zelf de&hellip;<\/p>","protected":false},"author":3,"featured_media":0,"parent":0,"menu_order":0,"comment_status":"closed","ping_status":"closed","template":"","meta":{"footnotes":""},"class_list":["post-255","page","type-page","status-publish","hentry"],"yoast_head":"<!-- This site is optimized with the Yoast SEO plugin v27.5 - https:\/\/yoast.com\/product\/yoast-seo-wordpress\/ -->\n<title>Keynote spreker over mentale weerbaarheid | Meddy Goossens<\/title>\n<meta name=\"description\" content=\"Keynote over mentale weerbaarheid nodig? Neem contact op met Meddy Goossens. Vanuit ervaring vertelt ze haar verhaal: eerlijk en rauw!\" \/>\n<meta name=\"robots\" content=\"index, follow, max-snippet:-1, max-image-preview:large, max-video-preview:-1\" \/>\n<link rel=\"canonical\" href=\"https:\/\/meddygoossens.nl\/en\/contact\/\" \/>\n<meta property=\"og:locale\" content=\"en_US\" \/>\n<meta property=\"og:type\" content=\"article\" \/>\n<meta property=\"og:title\" content=\"Keynote spreker over mentale weerbaarheid | Meddy Goossens\" \/>\n<meta property=\"og:description\" content=\"Keynote over mentale weerbaarheid nodig? Neem contact op met Meddy Goossens. Vanuit ervaring vertelt ze haar verhaal: eerlijk en rauw!\" \/>\n<meta property=\"og:url\" content=\"https:\/\/meddygoossens.nl\/en\/contact\/\" \/>\n<meta property=\"og:site_name\" content=\"Meddy Goossens\" \/>\n<meta property=\"article:modified_time\" content=\"2026-04-28T10:05:55+00:00\" \/>\n<meta property=\"og:image\" content=\"https:\/\/meddygoossens.nl\/wp-content\/uploads\/2026\/04\/Meddy-Goossens-5571.jpg\" \/>\n<meta name=\"twitter:card\" content=\"summary_large_image\" \/>\n<meta name=\"twitter:label1\" content=\"Est. reading time\" \/>\n\t<meta name=\"twitter:data1\" content=\"5 minutes\" \/>\n<script type=\"application\/ld+json\" class=\"yoast-schema-graph\">{\"@context\":\"https:\\\/\\\/schema.org\",\"@graph\":[{\"@type\":\"WebPage\",\"@id\":\"https:\\\/\\\/meddygoossens.nl\\\/contact\\\/\",\"url\":\"https:\\\/\\\/meddygoossens.nl\\\/contact\\\/\",\"name\":\"Keynote spreker over mentale weerbaarheid | Meddy Goossens\",\"isPartOf\":{\"@id\":\"https:\\\/\\\/meddygoossens.nl\\\/#website\"},\"primaryImageOfPage\":{\"@id\":\"https:\\\/\\\/meddygoossens.nl\\\/contact\\\/#primaryimage\"},\"image\":{\"@id\":\"https:\\\/\\\/meddygoossens.nl\\\/contact\\\/#primaryimage\"},\"thumbnailUrl\":\"https:\\\/\\\/meddygoossens.nl\\\/wp-content\\\/uploads\\\/2026\\\/04\\\/Meddy-Goossens-5571.jpg\",\"datePublished\":\"2020-02-17T10:58:09+00:00\",\"dateModified\":\"2026-04-28T10:05:55+00:00\",\"description\":\"Keynote over mentale weerbaarheid nodig? Neem contact op met Meddy Goossens. Vanuit ervaring vertelt ze haar verhaal: eerlijk en rauw!\",\"breadcrumb\":{\"@id\":\"https:\\\/\\\/meddygoossens.nl\\\/contact\\\/#breadcrumb\"},\"inLanguage\":\"en-US\",\"potentialAction\":[{\"@type\":\"ReadAction\",\"target\":[\"https:\\\/\\\/meddygoossens.nl\\\/contact\\\/\"]}]},{\"@type\":\"ImageObject\",\"inLanguage\":\"en-US\",\"@id\":\"https:\\\/\\\/meddygoossens.nl\\\/contact\\\/#primaryimage\",\"url\":\"https:\\\/\\\/meddygoossens.nl\\\/wp-content\\\/uploads\\\/2026\\\/04\\\/Meddy-Goossens-5571.jpg\",\"contentUrl\":\"https:\\\/\\\/meddygoossens.nl\\\/wp-content\\\/uploads\\\/2026\\\/04\\\/Meddy-Goossens-5571.jpg\"},{\"@type\":\"BreadcrumbList\",\"@id\":\"https:\\\/\\\/meddygoossens.nl\\\/contact\\\/#breadcrumb\",\"itemListElement\":[{\"@type\":\"ListItem\",\"position\":1,\"name\":\"Home\",\"item\":\"https:\\\/\\\/meddygoossens.nl\\\/\"},{\"@type\":\"ListItem\",\"position\":2,\"name\":\"Contact\"}]},{\"@type\":\"WebSite\",\"@id\":\"https:\\\/\\\/meddygoossens.nl\\\/#website\",\"url\":\"https:\\\/\\\/meddygoossens.nl\\\/\",\"name\":\"Meddy Goossens\",\"description\":\"Spreker &amp; Auteur\",\"potentialAction\":[{\"@type\":\"SearchAction\",\"target\":{\"@type\":\"EntryPoint\",\"urlTemplate\":\"https:\\\/\\\/meddygoossens.nl\\\/?s={search_term_string}\"},\"query-input\":{\"@type\":\"PropertyValueSpecification\",\"valueRequired\":true,\"valueName\":\"search_term_string\"}}],\"inLanguage\":\"en-US\"}]}<\/script>\n<!-- \/ Yoast SEO plugin. -->","yoast_head_json":{"title":"Keynote spreker over mentale weerbaarheid | Meddy Goossens","description":"Keynote over mentale weerbaarheid nodig? Neem contact op met Meddy Goossens. Vanuit ervaring vertelt ze haar verhaal: eerlijk en rauw!","robots":{"index":"index","follow":"follow","max-snippet":"max-snippet:-1","max-image-preview":"max-image-preview:large","max-video-preview":"max-video-preview:-1"},"canonical":"https:\/\/meddygoossens.nl\/en\/contact\/","og_locale":"en_US","og_type":"article","og_title":"Keynote spreker over mentale weerbaarheid | Meddy Goossens","og_description":"Keynote over mentale weerbaarheid nodig? Neem contact op met Meddy Goossens. Vanuit ervaring vertelt ze haar verhaal: eerlijk en rauw!","og_url":"https:\/\/meddygoossens.nl\/en\/contact\/","og_site_name":"Meddy Goossens","article_modified_time":"2026-04-28T10:05:55+00:00","og_image":[{"url":"https:\/\/meddygoossens.nl\/wp-content\/uploads\/2026\/04\/Meddy-Goossens-5571.jpg","type":"","width":"","height":""}],"twitter_card":"summary_large_image","twitter_misc":{"Est. reading time":"5 minutes"},"schema":{"@context":"https:\/\/schema.org","@graph":[{"@type":"WebPage","@id":"https:\/\/meddygoossens.nl\/contact\/","url":"https:\/\/meddygoossens.nl\/contact\/","name":"Keynote spreker over mentale weerbaarheid | Meddy Goossens","isPartOf":{"@id":"https:\/\/meddygoossens.nl\/#website"},"primaryImageOfPage":{"@id":"https:\/\/meddygoossens.nl\/contact\/#primaryimage"},"image":{"@id":"https:\/\/meddygoossens.nl\/contact\/#primaryimage"},"thumbnailUrl":"https:\/\/meddygoossens.nl\/wp-content\/uploads\/2026\/04\/Meddy-Goossens-5571.jpg","datePublished":"2020-02-17T10:58:09+00:00","dateModified":"2026-04-28T10:05:55+00:00","description":"Keynote over mentale weerbaarheid nodig? Neem contact op met Meddy Goossens. Vanuit ervaring vertelt ze haar verhaal: eerlijk en rauw!","breadcrumb":{"@id":"https:\/\/meddygoossens.nl\/contact\/#breadcrumb"},"inLanguage":"en-US","potentialAction":[{"@type":"ReadAction","target":["https:\/\/meddygoossens.nl\/contact\/"]}]},{"@type":"ImageObject","inLanguage":"en-US","@id":"https:\/\/meddygoossens.nl\/contact\/#primaryimage","url":"https:\/\/meddygoossens.nl\/wp-content\/uploads\/2026\/04\/Meddy-Goossens-5571.jpg","contentUrl":"https:\/\/meddygoossens.nl\/wp-content\/uploads\/2026\/04\/Meddy-Goossens-5571.jpg"},{"@type":"BreadcrumbList","@id":"https:\/\/meddygoossens.nl\/contact\/#breadcrumb","itemListElement":[{"@type":"ListItem","position":1,"name":"Home","item":"https:\/\/meddygoossens.nl\/"},{"@type":"ListItem","position":2,"name":"Contact"}]},{"@type":"WebSite","@id":"https:\/\/meddygoossens.nl\/#website","url":"https:\/\/meddygoossens.nl\/","name":"Meddy Goossens","description":"Spreker &amp; Auteur","potentialAction":[{"@type":"SearchAction","target":{"@type":"EntryPoint","urlTemplate":"https:\/\/meddygoossens.nl\/?s={search_term_string}"},"query-input":{"@type":"PropertyValueSpecification","valueRequired":true,"valueName":"search_term_string"}}],"inLanguage":"en-US"}]}},"_links":{"self":[{"href":"https:\/\/meddygoossens.nl\/en\/wp-json\/wp\/v2\/pages\/255","targetHints":{"allow":["GET"]}}],"collection":[{"href":"https:\/\/meddygoossens.nl\/en\/wp-json\/wp\/v2\/pages"}],"about":[{"href":"https:\/\/meddygoossens.nl\/en\/wp-json\/wp\/v2\/types\/page"}],"author":[{"embeddable":true,"href":"https:\/\/meddygoossens.nl\/en\/wp-json\/wp\/v2\/users\/3"}],"replies":[{"embeddable":true,"href":"https:\/\/meddygoossens.nl\/en\/wp-json\/wp\/v2\/comments?post=255"}],"version-history":[{"count":31,"href":"https:\/\/meddygoossens.nl\/en\/wp-json\/wp\/v2\/pages\/255\/revisions"}],"predecessor-version":[{"id":1000,"href":"https:\/\/meddygoossens.nl\/en\/wp-json\/wp\/v2\/pages\/255\/revisions\/1000"}],"wp:attachment":[{"href":"https:\/\/meddygoossens.nl\/en\/wp-json\/wp\/v2\/media?parent=255"}],"curies":[{"name":"wp","href":"https:\/\/api.w.org\/{rel}","templated":true}]}}