{"id":608,"date":"2026-04-08T21:03:11","date_gmt":"2026-04-08T19:03:11","guid":{"rendered":"https:\/\/meddygoossens.nl\/?page_id=608"},"modified":"2026-05-01T12:33:26","modified_gmt":"2026-05-01T10:33:26","slug":"shaming-en-victim-blaming","status":"publish","type":"page","link":"https:\/\/meddygoossens.nl\/en\/shaming-en-victim-blaming\/","title":{"rendered":"Shaming en victim blaming"},"content":{"rendered":"<h1>\n\t\tShaming and <br \/>\n\t\tvictim blaming\n\t\t\t\t<\/h1>\t\n<h4>\n\t\t\tPraten, luisteren en er gewoon zijn zonder oordeel\t<\/h4>\n\t\t\t\t<p>&#8220;We hebben allemaal een naakt lichaam, niets raars aan.&#8221;<\/p>\n\t<p>Klik, en de foto is doorgestuurd. De foto die duidelijk voor maar \u00e9\u00e9n paar ogen bedoeld was.\u00a0We leven in een digitale tijd, waarin jongeren \u00e9n volwassenen elkaar foto&#8217;s sturen, ook naaktfoto&#8217;s, dat is een feit. &#8220;We hebben allemaal een naakt lichaam, niets raars aan&#8221;, zegt Meddy.<\/p>\n<p>Toch voelen de meeste mensen enorme schaamte wanneer zo&#8217;n foto in verkeerde handen komt of zelfs online openbaar wordt gedeeld, zoals in Meddy&#8217;s geval. De veroordelende reacties zijn vaak niet mals (<em>shaming<\/em>).<\/p>\n<p>&#8220;Eigen schuld&#8221; of &#8220;dat is dom&#8221; is vaak een eerste reactie. Maar helpend is hij niet. Sterker nog, het geeft de indruk dat de schuld bij het slachtoffer ligt (<em>victim blaming<\/em>). Daar komt nog bij dat er met de komst van AI ook beelden bewerkt of gemaakt kunnen worden, waardoor we zelf nog minder grip hebben op het verspreiden ervan.<\/p>\n\t<p>Meddy wil het ongemak, de stilte en het taboe doorbreken, om andere jongeren en volwassenen te helpen die vastzitten in hun schaamte. Maar ook door bewustwording te cre\u00ebren bij iedereen die iemand kent die dit meemaakt.<\/p>\n<p>Ze vertelt hoe ouders, scholen, directie en bestuurders de stilte kunnen doorbreken, door de juiste woorden te vinden en juist te handelen. Want: &#8220;als we als volwassenen al weglopen voor dit gesprek, hoe willen we jongeren dan het juiste meegeven?&#8221;<\/p>\n\t\t\t<a href=\"\/en\/over-meddy\/\"  target=\"_self\">\n\t\t\t\t\t\t\tLees hier Meddy&#8217;s verhaal\n\t\t\t<\/a>\n\t<p>Wat ik nodig heb is simpel, maar niet makkelijk: blijf. Zonder oordeel. Zonder haast. Wees mijn veilige plek. Mijn zachte plek. Ook als het lijkt alsof ik die afwijs. Want diep vanbinnen heb ik die juist z\u00f3 nodig.<\/p>\n<h4>\n\t\t\tMeddy Goossens, fragment uit de brief aan haar ouders\t<\/h4>\n<h4>\n\t\t\tBewustwording\t<\/h4>\n<h2>\n\t\tTaboes doorbreken<br \/> in\n\t\teen digitale tijd\n\t\t\t\t<\/h2>\t\n\t\t<nav>\n\t\t\t<ul>\n\t\t\t\t\t\t\t\t<li data-index=\"0\" tabindex=\"0\">\n\t\t\t\t\t<h4>\n\t\t\t\t\t\t<a href=\"javascript:void(0);\" tabindex=\"-1\">Shaming thuis\u00a0\n\t\t\t\t\t\t\t\t\t\t\t\t<\/a>\n\t\t\t\t\t<\/h4>\n\t\t\t\t<\/li>\n\t\t\t\t\t\t\t\t<li data-index=\"1\" tabindex=\"0\">\n\t\t\t\t\t<h4>\n\t\t\t\t\t\t<a href=\"javascript:void(0);\" tabindex=\"-1\">Shaming op school\n\t\t\t\t\t\t\t\t\t\t\t\t<\/a>\n\t\t\t\t\t<\/h4>\n\t\t\t\t<\/li>\n\t\t\t\t\t\t\t\t<li data-index=\"2\" tabindex=\"0\">\n\t\t\t\t\t<h4>\n\t\t\t\t\t\t<a href=\"javascript:void(0);\" tabindex=\"-1\">Shaming op het werk\n\t\t\t\t\t\t\t\t\t\t\t\t<\/a>\n\t\t\t\t\t<\/h4>\n\t\t\t\t<\/li>\n\t\t\t\t\t\t\t\t<li data-index=\"3\" tabindex=\"0\">\n\t\t\t\t\t<h4>\n\t\t\t\t\t\t<a href=\"javascript:void(0);\" tabindex=\"-1\">Shaming vanuit overheid &amp; bestuurders\n\t\t\t\t\t\t\t\t\t\t\t\t<\/a>\n\t\t\t\t\t<\/h4>\n\t\t\t\t<\/li>\n\t\t\t\t\t\t\t<\/ul>\n\t\t<\/nav>\n\t\t\t\t\t<h4>\n\t\t\t\t\t\t\t\t\t\t\t\tShaming thuis\u00a0\n\t\t\t\t\t\t\t\t\t\t\t<\/h4>\n\t\t\t\t\t<p>Geen enkele ouder wil dat zijn of haar kind zich rot voelt, en meestal hebben woorden en acties de beste bedoelingen, maar bedenk dat de eerste woorden die je als ouder uitspreekt wanneer je kind iets meemaakt hem of haar voor altijd bijblijven. Meddy vraagt ouders om rustig en zonder oordeel te luisteren en er gewoon te zijn. Om ouders de gevoelens van hun kind te helpen begrijpen, deelt Meddy de brief die zij aan haar ouders schreef, want: &#8220;gevoelens krijgen soms later pas woorden&#8221;.<\/p>\n<p><u><a href=\"https:\/\/meddygoossens.nl\/wp-content\/uploads\/2026\/04\/De-brief-aan-ouders.pdf\" target=\"_blank\" rel=\"noopener\">Download hier de brief voor ouders<\/a><\/u><\/p>\n\t\t\t\t\t<h4>\n\t\t\t\t\t\t\t\t\t\t\t\tShaming op school\n\t\t\t\t\t\t\t\t\t\t\t<\/h4>\n\t\t\t\t\t<p>De schooltijd kan voor jongeren een fantastische tijd zijn, maar ook een enorm kwetsbare periode in hun leven. Wanneer er roddels of foto&#8217;s rondgaan, kan school voelen als een gevaarlijke en stressvolle plek. Ook scholen hebben wat Meddy betreft een belangrijke functie in het informeren over de gevaren van bijvoorbeeld sexting, AI-gegenereerde beelden, maar ook over het doorbreken van ongemak en taboes over seksualiteit. Bovendien kan een leraar een groot verschil maken voor een jongere die hier een nare ervaring mee heeft.<\/p>\n\t\t\t\t\t<h4>\n\t\t\t\t\t\t\t\t\t\t\t\tShaming op het werk\n\t\t\t\t\t\t\t\t\t\t\t<\/h4>\n\t\t\t\t\t<p>Een medewerker maakt iets mee. Het woord of zelfs beelden gaan rond. Er vallen grappen of ongemakkelijke stiltes als diegene binnenkomt. Niemand zegt iets. Want wat kun je zeggen? Nou, een heleboel wat Meddy betreft. Ze heeft zelf gevoeld wat het doet als je manager of collega naast je gaat zitten en de oprechte vraag stelt: &#8220;Gaat het wel met je? Maar \u00e9cht?&#8221; Meddy&#8217;s biedt geen stappenplan, maar haar verhaal maakt je als manager of collega wel bewust van jouw rol in deze kwetsbare situatie.<\/p>\n\t\t\t\t\t<h4>\n\t\t\t\t\t\t\t\t\t\t\t\tShaming vanuit overheid &amp; bestuurders\n\t\t\t\t\t\t\t\t\t\t\t<\/h4>\n\t\t\t\t\t<p>Bestuurders en politici staan in het publieke oog. Meddy was zelf actief in de lokale politiek en heeft ervaren hoe zij door \u00e9\u00e9n verhaal gereduceerd werd tot puur dat verhaal, waardoor haar professionaliteit en kunde onterecht in twijfel werden getrokken. Door haar verhaal te delen wil ze overheden en bestuurders duidelijk te maken dat ze de verantwoordelijkheid en een voorbeeldfunctie hebben.<\/p>\n\t\t\t\t\t<!-- \/content -->\n\t<!-- \/tabs -->\n<figure data-animation-delay=\"0\" data-animation-duration=\"1\" itemscope itemtype=\"https:\/\/schema.org\/ImageObject\">\n\t\t\t\t<img decoding=\"async\" src=\"https:\/\/meddygoossens.nl\/wp-content\/uploads\/2026\/04\/Meddy-Goossens-5625.jpg\" alt=\"Meddy Goossens-5625\" height=\"869\" width=\"2500\" title=\"Meddy Goossens-5625\" onerror=\"this.style.display='none'\" loading=\"lazy\" \/>\n\t<\/figure>\n<h4>\n\t\t\tJouw verhaal\t<\/h4>\n<h2>\n\t\tVertel jouw <br \/>\n\t\tverhaal\n\t\t\t\t<\/h2>\t\n\t<p>Herken jij je in het verhaal van Meddy en wil je graag het gesprek openen richting jouw ouders, familie of vrienden? Meddy heeft een voorbeeldbrief geschreven die goed verwoordt wat zij destijds voelde. Jij mag hem gebruiken om jouw omgeving te helpen begrijpen wat je doormaakt.<\/p>\n\t\t\t<a href=\"https:\/\/meddygoossens.nl\/wp-content\/uploads\/2026\/04\/De-brief-aan-ouders.pdf\"  target=\"_blank\" rel=\"noopener\">\n\t\t\t\t\t\t\tDownload hier de brief\n\t\t\t<\/a>\n<h4>\n\t\t\tThe book\t<\/h4>\n<h2>\n\t\tLees<br \/>\n\t\t\tMeddy&#8217;s verhaal\n\t\t\t<\/h2>\t\n\t<p>Wil je Meddy&#8217;s hele verhaal lezen? Dat kan, in haar boek SHAMING deelt ze alle pijnlijke momenten, maar ook de momenten die haar uiteindelijk de kracht gaven om zelf de touwtjes in handen te nemen, en haar verhaal z\u00e9lf te vertellen.<\/p>\n\t\t\t<a href=\"https:\/\/uitgeverijkompas.nl\/product\/shaming\/\"  target=\"_blank\" rel=\"noopener\">\n\t\t\t\t\t\t\tBestel hier Meddy&#8217;s boek\n\t\t\t\t\t<\/a>\n<h4>\n\t\t\tKeynotespreker\t<\/h4>\n<h2>\n\t\tLuister<br \/>\n\t\t\tnaar Meddy&#8217;s verhaal\n\t\t\t<\/h2>\t\n\t<p>De impact van \u00e9\u00e9n enkele beslissing kan groot zijn en nog jaren doorwerken. Hoe gaan we om met deze gevaren voor jongeren \u00e9n volwassenen in een digitaal tijdperk; als ouders, docenten, professionals en bestuurders? Als keynotespreker vertelt Meddy hier over.<\/p>\n\t\t\t<a href=\"\/en\/keynotespreker\/\"  target=\"_self\">\n\t\t\t\t\t\t\tMeer over Meddy als spreker\n\t\t\t\t\t<\/a>","protected":false},"excerpt":{"rendered":"<p>Shaming en victim blaming Praten, luisteren en er gewoon zijn zonder oordeel &#8220;We hebben allemaal een naakt lichaam, niets raars aan.&#8221; Klik, en de foto is doorgestuurd. De foto die duidelijk voor maar \u00e9\u00e9n paar ogen bedoeld was.\u00a0We leven in een digitale tijd, waarin jongeren \u00e9n volwassenen elkaar foto&#8217;s sturen, ook naaktfoto&#8217;s, dat is een&hellip;<\/p>","protected":false},"author":5,"featured_media":0,"parent":0,"menu_order":0,"comment_status":"closed","ping_status":"closed","template":"","meta":{"footnotes":""},"class_list":["post-608","page","type-page","status-publish","hentry"],"yoast_head":"<!-- This site is optimized with the Yoast SEO plugin v27.5 - https:\/\/yoast.com\/product\/yoast-seo-wordpress\/ -->\n<title>Shaming &amp; victim blaming - dit deed het met Meddy<\/title>\n<meta name=\"description\" content=\"Wat is shaming en victim blaming? Meddy Goossens legt het uit vanuit eigen ervaring en laat zien hoe jij het verschil kunt maken.\" \/>\n<meta name=\"robots\" content=\"index, follow, max-snippet:-1, max-image-preview:large, max-video-preview:-1\" \/>\n<link rel=\"canonical\" href=\"https:\/\/meddygoossens.nl\/en\/shaming-en-victim-blaming\/\" \/>\n<meta property=\"og:locale\" content=\"en_US\" \/>\n<meta property=\"og:type\" content=\"article\" \/>\n<meta property=\"og:title\" content=\"Shaming &amp; victim blaming - dit deed het met Meddy\" \/>\n<meta property=\"og:description\" content=\"Wat is shaming en victim blaming? Meddy Goossens legt het uit vanuit eigen ervaring en laat zien hoe jij het verschil kunt maken.\" \/>\n<meta property=\"og:url\" content=\"https:\/\/meddygoossens.nl\/en\/shaming-en-victim-blaming\/\" \/>\n<meta property=\"og:site_name\" content=\"Meddy Goossens\" \/>\n<meta property=\"article:modified_time\" content=\"2026-05-01T10:33:26+00:00\" \/>\n<meta property=\"og:image\" content=\"https:\/\/meddygoossens.nl\/wp-content\/uploads\/2026\/04\/Meddy-Goossens-5625.jpg\" \/>\n<meta name=\"twitter:card\" content=\"summary_large_image\" \/>\n<meta name=\"twitter:label1\" content=\"Est. reading time\" \/>\n\t<meta name=\"twitter:data1\" content=\"5 minutes\" \/>\n<script type=\"application\/ld+json\" class=\"yoast-schema-graph\">{\"@context\":\"https:\\\/\\\/schema.org\",\"@graph\":[{\"@type\":\"WebPage\",\"@id\":\"https:\\\/\\\/meddygoossens.nl\\\/shaming-en-victim-blaming\\\/\",\"url\":\"https:\\\/\\\/meddygoossens.nl\\\/shaming-en-victim-blaming\\\/\",\"name\":\"Shaming & victim blaming - dit deed het met Meddy\",\"isPartOf\":{\"@id\":\"https:\\\/\\\/meddygoossens.nl\\\/#website\"},\"primaryImageOfPage\":{\"@id\":\"https:\\\/\\\/meddygoossens.nl\\\/shaming-en-victim-blaming\\\/#primaryimage\"},\"image\":{\"@id\":\"https:\\\/\\\/meddygoossens.nl\\\/shaming-en-victim-blaming\\\/#primaryimage\"},\"thumbnailUrl\":\"https:\\\/\\\/meddygoossens.nl\\\/wp-content\\\/uploads\\\/2026\\\/04\\\/Meddy-Goossens-5625.jpg\",\"datePublished\":\"2026-04-08T19:03:11+00:00\",\"dateModified\":\"2026-05-01T10:33:26+00:00\",\"description\":\"Wat is shaming en victim blaming? Meddy Goossens legt het uit vanuit eigen ervaring en laat zien hoe jij het verschil kunt maken.\",\"breadcrumb\":{\"@id\":\"https:\\\/\\\/meddygoossens.nl\\\/shaming-en-victim-blaming\\\/#breadcrumb\"},\"inLanguage\":\"en-US\",\"potentialAction\":[{\"@type\":\"ReadAction\",\"target\":[\"https:\\\/\\\/meddygoossens.nl\\\/shaming-en-victim-blaming\\\/\"]}]},{\"@type\":\"ImageObject\",\"inLanguage\":\"en-US\",\"@id\":\"https:\\\/\\\/meddygoossens.nl\\\/shaming-en-victim-blaming\\\/#primaryimage\",\"url\":\"https:\\\/\\\/meddygoossens.nl\\\/wp-content\\\/uploads\\\/2026\\\/04\\\/Meddy-Goossens-5625.jpg\",\"contentUrl\":\"https:\\\/\\\/meddygoossens.nl\\\/wp-content\\\/uploads\\\/2026\\\/04\\\/Meddy-Goossens-5625.jpg\"},{\"@type\":\"BreadcrumbList\",\"@id\":\"https:\\\/\\\/meddygoossens.nl\\\/shaming-en-victim-blaming\\\/#breadcrumb\",\"itemListElement\":[{\"@type\":\"ListItem\",\"position\":1,\"name\":\"Home\",\"item\":\"https:\\\/\\\/meddygoossens.nl\\\/\"},{\"@type\":\"ListItem\",\"position\":2,\"name\":\"Shaming en victim blaming\"}]},{\"@type\":\"WebSite\",\"@id\":\"https:\\\/\\\/meddygoossens.nl\\\/#website\",\"url\":\"https:\\\/\\\/meddygoossens.nl\\\/\",\"name\":\"Meddy Goossens\",\"description\":\"Spreker &amp; Auteur\",\"potentialAction\":[{\"@type\":\"SearchAction\",\"target\":{\"@type\":\"EntryPoint\",\"urlTemplate\":\"https:\\\/\\\/meddygoossens.nl\\\/?s={search_term_string}\"},\"query-input\":{\"@type\":\"PropertyValueSpecification\",\"valueRequired\":true,\"valueName\":\"search_term_string\"}}],\"inLanguage\":\"en-US\"}]}<\/script>\n<!-- \/ Yoast SEO plugin. -->","yoast_head_json":{"title":"Shaming & victim blaming - dit deed het met Meddy","description":"Wat is shaming en victim blaming? Meddy Goossens legt het uit vanuit eigen ervaring en laat zien hoe jij het verschil kunt maken.","robots":{"index":"index","follow":"follow","max-snippet":"max-snippet:-1","max-image-preview":"max-image-preview:large","max-video-preview":"max-video-preview:-1"},"canonical":"https:\/\/meddygoossens.nl\/en\/shaming-en-victim-blaming\/","og_locale":"en_US","og_type":"article","og_title":"Shaming & victim blaming - dit deed het met Meddy","og_description":"Wat is shaming en victim blaming? Meddy Goossens legt het uit vanuit eigen ervaring en laat zien hoe jij het verschil kunt maken.","og_url":"https:\/\/meddygoossens.nl\/en\/shaming-en-victim-blaming\/","og_site_name":"Meddy Goossens","article_modified_time":"2026-05-01T10:33:26+00:00","og_image":[{"url":"https:\/\/meddygoossens.nl\/wp-content\/uploads\/2026\/04\/Meddy-Goossens-5625.jpg","type":"","width":"","height":""}],"twitter_card":"summary_large_image","twitter_misc":{"Est. reading time":"5 minutes"},"schema":{"@context":"https:\/\/schema.org","@graph":[{"@type":"WebPage","@id":"https:\/\/meddygoossens.nl\/shaming-en-victim-blaming\/","url":"https:\/\/meddygoossens.nl\/shaming-en-victim-blaming\/","name":"Shaming & victim blaming - dit deed het met Meddy","isPartOf":{"@id":"https:\/\/meddygoossens.nl\/#website"},"primaryImageOfPage":{"@id":"https:\/\/meddygoossens.nl\/shaming-en-victim-blaming\/#primaryimage"},"image":{"@id":"https:\/\/meddygoossens.nl\/shaming-en-victim-blaming\/#primaryimage"},"thumbnailUrl":"https:\/\/meddygoossens.nl\/wp-content\/uploads\/2026\/04\/Meddy-Goossens-5625.jpg","datePublished":"2026-04-08T19:03:11+00:00","dateModified":"2026-05-01T10:33:26+00:00","description":"Wat is shaming en victim blaming? Meddy Goossens legt het uit vanuit eigen ervaring en laat zien hoe jij het verschil kunt maken.","breadcrumb":{"@id":"https:\/\/meddygoossens.nl\/shaming-en-victim-blaming\/#breadcrumb"},"inLanguage":"en-US","potentialAction":[{"@type":"ReadAction","target":["https:\/\/meddygoossens.nl\/shaming-en-victim-blaming\/"]}]},{"@type":"ImageObject","inLanguage":"en-US","@id":"https:\/\/meddygoossens.nl\/shaming-en-victim-blaming\/#primaryimage","url":"https:\/\/meddygoossens.nl\/wp-content\/uploads\/2026\/04\/Meddy-Goossens-5625.jpg","contentUrl":"https:\/\/meddygoossens.nl\/wp-content\/uploads\/2026\/04\/Meddy-Goossens-5625.jpg"},{"@type":"BreadcrumbList","@id":"https:\/\/meddygoossens.nl\/shaming-en-victim-blaming\/#breadcrumb","itemListElement":[{"@type":"ListItem","position":1,"name":"Home","item":"https:\/\/meddygoossens.nl\/"},{"@type":"ListItem","position":2,"name":"Shaming en victim blaming"}]},{"@type":"WebSite","@id":"https:\/\/meddygoossens.nl\/#website","url":"https:\/\/meddygoossens.nl\/","name":"Meddy Goossens","description":"Spreker &amp; Auteur","potentialAction":[{"@type":"SearchAction","target":{"@type":"EntryPoint","urlTemplate":"https:\/\/meddygoossens.nl\/?s={search_term_string}"},"query-input":{"@type":"PropertyValueSpecification","valueRequired":true,"valueName":"search_term_string"}}],"inLanguage":"en-US"}]}},"_links":{"self":[{"href":"https:\/\/meddygoossens.nl\/en\/wp-json\/wp\/v2\/pages\/608","targetHints":{"allow":["GET"]}}],"collection":[{"href":"https:\/\/meddygoossens.nl\/en\/wp-json\/wp\/v2\/pages"}],"about":[{"href":"https:\/\/meddygoossens.nl\/en\/wp-json\/wp\/v2\/types\/page"}],"author":[{"embeddable":true,"href":"https:\/\/meddygoossens.nl\/en\/wp-json\/wp\/v2\/users\/5"}],"replies":[{"embeddable":true,"href":"https:\/\/meddygoossens.nl\/en\/wp-json\/wp\/v2\/comments?post=608"}],"version-history":[{"count":41,"href":"https:\/\/meddygoossens.nl\/en\/wp-json\/wp\/v2\/pages\/608\/revisions"}],"predecessor-version":[{"id":1029,"href":"https:\/\/meddygoossens.nl\/en\/wp-json\/wp\/v2\/pages\/608\/revisions\/1029"}],"wp:attachment":[{"href":"https:\/\/meddygoossens.nl\/en\/wp-json\/wp\/v2\/media?parent=608"}],"curies":[{"name":"wp","href":"https:\/\/api.w.org\/{rel}","templated":true}]}}