{"id":614,"date":"2026-04-08T21:03:47","date_gmt":"2026-04-08T19:03:47","guid":{"rendered":"https:\/\/meddygoossens.nl\/?page_id=614"},"modified":"2026-05-01T12:21:27","modified_gmt":"2026-05-01T10:21:27","slug":"over-meddy","status":"publish","type":"page","link":"https:\/\/meddygoossens.nl\/en\/over-meddy\/","title":{"rendered":"About Meddy"},"content":{"rendered":"<h1>\n\t\tOver<br \/>\n\t\tMeddy Goossens\n\t\t\t\t<\/h1>\t\n<h4>\n\t\t\tSpreker en auteur over schaamte en shaming in een digitale tijd\t<\/h4>\n\t\t\t\t<p>&#8220;Ik wil me focussen op het cre\u00ebren van bewustwording rondom onderwerpen als sexting, schaamte en victim blaming in de digitale tijd waarin we leven.&#8221;<\/p>\n\t<p>Meddy Goossens is spreker, auteur en moeder. In haar professionele leven heeft ze jaren gewerkt in crisisbeheersing en rampenbestrijding en werkte ze samen met politie, brandweer en bestuurders door het hele land. Ze was negen jaar actief in de gemeentepolitiek. Ook werkt Meddy als trainer\/ coach voor veiligheidsregio&#8217;s en instanties en is ze verbindend projectleider voor de overheid.<\/p>\n\t<p>Momenteel focust Meddy zich op het cre\u00ebren van bewustwording rondom onderwerpen als sexting, schaamte en victim blaming in de digitale tijd waarin we leven. Door haar persoonlijke verhaal te delen wil ze taboes doorbreken en anderen helpen.<\/p>\n<h4>\n\t\t\tImpact\t<\/h4>\n<h2>\n\t\tE\u00e9n beslissing met <br \/>\n\t\tgrote gevolgen\n\t\t\t\t<\/h2>\t\n\t<p>Meddy was negentien toen het begon. Beelden die ze jaren terug als minderjarige in vertrouwen had gedeeld, kwamen in verkeerde handen en werden zonder haar toestemming verspreid; via blogs, appgroepen en obscure websites. Haar naam, haar lichaam zoemden rond op social media en in haar directe omgeving. Daarnaast werd ze jarenlang online gestalkt. Ondertussen maakte ze haar opmars in de politiek. Verstoppen ging niet, en toch zette ze door.<\/p>\n\t\t\t\t<p>&#8220;Overal waar ik kwam hield ik mijn adem in als ik me aan iemand voorstelde. De stiltes, de blikken, het ongemak; ik had het meteen door wanneer mensen het wisten.&#8221;<\/p>\n\t<p>Tien jaar lang probeerde ze het te negeren en lachte het weg, maar dit verhaal bleef haar achtervolgen. Tot ze ervoor koos om de knop om te zetten en z\u00e9lf haar verhaal te doen.<\/p>\n<figure data-animation-delay=\"0\" data-animation-duration=\"1\" itemscope itemtype=\"https:\/\/schema.org\/ImageObject\">\n\t\t\t\t<img decoding=\"async\" src=\"https:\/\/meddygoossens.nl\/wp-content\/uploads\/2026\/04\/Meddy-Goossens-5597.jpg\" alt=\"Meddy Goossens | over Meddy\" height=\"2247\" width=\"1500\" title=\"Meddy Goossens | over Meddy\" onerror=\"this.style.display='none'\" loading=\"lazy\" \/>\n\t<\/figure>\n<h4>\n\t\t\tEigen regie\t<\/h4>\n<h2>\n\t\tSchrijven bood heling, kracht en regie over haar \n\t\t eigen verhaal\n\t\t\t\t<\/h2>\t\n\t<p>Meddy schakelde hulp in en besloot ook te gaan schrijven. In eerste instantie voor zichzelf. Maar terwijl haar verhaal vorm kreeg, groeide ook het besef dat het delen ervan de manier was om zich los te maken van het oordeel van anderen.<\/p>\n\t\t\t\t<p>&#8220;Ik was er klaar mee om mezelf kleiner te maken, me te schamen, me altijd maar te moeten verantwoorden. Ik vond het tijd om op te staan en mijn verhaal te vertellen en te &#8216;ownen&#8217;.&#8221;<\/p>\n\t<p>Ze koos voor radicale openheid. Eerst via social media, nu in haar <a href=\"https:\/\/meddygoossens.nl\/en\/boek-shaming\/\">boek SHAMING<\/a>. Want wat haar het meest heeft geleerd is niet wat er gebeurde, maar hoe mensen erop reageerden. Welke woorden en daden hielpen, en welke niet. En hoe soms iets kleins er zelfs voor kan zorgen dat iemand het gevoel heeft er niet alleen voor te staan. D\u00e1t is de boodschap van haar boek en haar lezingen.<\/p>\n\t<p>&#8220;Als ik maar \u00e9\u00e9n iemand met mijn verhaal kan helpen, dan is het voor mij de moeite waard.&#8221;<\/p>\n<h4>\n\t\t\tMeddy goossens\t<\/h4>\n<figure data-animation-delay=\"0\" data-animation-duration=\"1\" itemscope itemtype=\"https:\/\/schema.org\/ImageObject\">\n\t\t\t\t<img decoding=\"async\" src=\"https:\/\/meddygoossens.nl\/wp-content\/uploads\/2026\/04\/Meddy-Goossens-5625.jpg\" alt=\"Meddy Goossens-5625\" height=\"869\" width=\"2500\" title=\"Meddy Goossens-5625\" onerror=\"this.style.display='none'\" loading=\"lazy\" \/>\n\t<\/figure>\n<h4>\n\t\t\tJouw verhaal\t<\/h4>\n<h2>\n\t\tVertel jouw <br \/>\n\t\tverhaal\n\t\t\t\t<\/h2>\t\n\t<p>Herken jij je in het verhaal van Meddy en wil je graag het gesprek openen richting jouw ouders, familie of vrienden? Meddy heeft een voorbeeldbrief geschreven die goed verwoordt wat zij destijds voelde. Jij mag hem gebruiken om jouw omgeving te helpen begrijpen wat je doormaakt.<\/p>\n\t\t\t<a href=\"https:\/\/meddygoossens.nl\/wp-content\/uploads\/2026\/04\/De-brief-aan-ouders.pdf\"  target=\"_blank\" rel=\"noopener\">\n\t\t\t\t\t\t\tDownload hier de brief\n\t\t\t<\/a>\n<h4>\n\t\t\tThe book\t<\/h4>\n<h2>\n\t\tLees<br \/>\n\t\t\tMeddy&#8217;s verhaal\n\t\t\t<\/h2>\t\n\t<p>Wil je Meddy&#8217;s hele verhaal lezen? Dat kan, in haar boek SHAMING deelt ze alle pijnlijke momenten, maar ook de momenten die haar uiteindelijk de kracht gaven om zelf de touwtjes in handen te nemen, en haar verhaal z\u00e9lf te vertellen.<\/p>\n\t\t\t<a href=\"https:\/\/uitgeverijkompas.nl\/product\/shaming\/\"  target=\"_blank\" rel=\"noopener\">\n\t\t\t\t\t\t\tBestel hier Meddy&#8217;s boek\n\t\t\t\t\t<\/a>\n<h4>\n\t\t\tKeynotespreker\t<\/h4>\n<h2>\n\t\tLuister<br \/>\n\t\t\tnaar Meddy&#8217;s verhaal\n\t\t\t<\/h2>\t\n\t<p>De impact van \u00e9\u00e9n enkele beslissing kan groot zijn en nog jarenlang doorwerken. Hoe gaan we om met deze gevaren voor jongeren \u00e9n volwassenen in een digitaal tijdperk; als ouders, docenten, professionals en bestuurders? Als keynotespreker vertelt Meddy hier over.<\/p>\n\t\t\t<a href=\"\/en\/keynotespreker\/\"  target=\"_self\">\n\t\t\t\t\t\t\tMeer over Meddy als spreker\n\t\t\t\t\t<\/a>","protected":false},"excerpt":{"rendered":"<p>Over Meddy Goossens Spreker en auteur over schaamte en shaming in een digitale tijd &#8220;Ik wil me focussen op het cre\u00ebren van bewustwording rondom onderwerpen als sexting, schaamte en victim blaming in de digitale tijd waarin we leven.&#8221; Meddy Goossens is spreker, auteur en moeder. In haar professionele leven heeft ze jaren gewerkt in crisisbeheersing&hellip;<\/p>","protected":false},"author":5,"featured_media":0,"parent":0,"menu_order":0,"comment_status":"closed","ping_status":"closed","template":"","meta":{"footnotes":""},"class_list":["post-614","page","type-page","status-publish","hentry"],"yoast_head":"<!-- This site is optimized with the Yoast SEO plugin v27.5 - https:\/\/yoast.com\/product\/yoast-seo-wordpress\/ -->\n<title>Meddy Goossens - de kracht van radicale openheid<\/title>\n<meta name=\"description\" content=\"Tien jaar zweeg Meddy Goossens over de verspreiding van haar priv\u00e9beelden. Nu vertelt ze haar verhaal zelf: eerlijk, rauw en vol power!\" \/>\n<meta name=\"robots\" content=\"index, follow, max-snippet:-1, max-image-preview:large, max-video-preview:-1\" \/>\n<link rel=\"canonical\" href=\"https:\/\/meddygoossens.nl\/en\/over-meddy\/\" \/>\n<meta property=\"og:locale\" content=\"en_US\" \/>\n<meta property=\"og:type\" content=\"article\" \/>\n<meta property=\"og:title\" content=\"Meddy Goossens - de kracht van radicale openheid\" \/>\n<meta property=\"og:description\" content=\"Tien jaar zweeg Meddy Goossens over de verspreiding van haar priv\u00e9beelden. Nu vertelt ze haar verhaal zelf: eerlijk, rauw en vol power!\" \/>\n<meta property=\"og:url\" content=\"https:\/\/meddygoossens.nl\/en\/over-meddy\/\" \/>\n<meta property=\"og:site_name\" content=\"Meddy Goossens\" \/>\n<meta property=\"article:modified_time\" content=\"2026-05-01T10:21:27+00:00\" \/>\n<meta property=\"og:image\" content=\"https:\/\/meddygoossens.nl\/wp-content\/uploads\/2026\/04\/Meddy-Goossens-5597.jpg\" \/>\n<meta name=\"twitter:card\" content=\"summary_large_image\" \/>\n<meta name=\"twitter:label1\" content=\"Est. reading time\" \/>\n\t<meta name=\"twitter:data1\" content=\"4 minutes\" \/>\n<script type=\"application\/ld+json\" class=\"yoast-schema-graph\">{\"@context\":\"https:\\\/\\\/schema.org\",\"@graph\":[{\"@type\":\"WebPage\",\"@id\":\"https:\\\/\\\/meddygoossens.nl\\\/over-meddy\\\/\",\"url\":\"https:\\\/\\\/meddygoossens.nl\\\/over-meddy\\\/\",\"name\":\"Meddy Goossens - de kracht van radicale openheid\",\"isPartOf\":{\"@id\":\"https:\\\/\\\/meddygoossens.nl\\\/#website\"},\"primaryImageOfPage\":{\"@id\":\"https:\\\/\\\/meddygoossens.nl\\\/over-meddy\\\/#primaryimage\"},\"image\":{\"@id\":\"https:\\\/\\\/meddygoossens.nl\\\/over-meddy\\\/#primaryimage\"},\"thumbnailUrl\":\"https:\\\/\\\/meddygoossens.nl\\\/wp-content\\\/uploads\\\/2026\\\/04\\\/Meddy-Goossens-5597.jpg\",\"datePublished\":\"2026-04-08T19:03:47+00:00\",\"dateModified\":\"2026-05-01T10:21:27+00:00\",\"description\":\"Tien jaar zweeg Meddy Goossens over de verspreiding van haar priv\u00e9beelden. Nu vertelt ze haar verhaal zelf: eerlijk, rauw en vol power!\",\"breadcrumb\":{\"@id\":\"https:\\\/\\\/meddygoossens.nl\\\/over-meddy\\\/#breadcrumb\"},\"inLanguage\":\"en-US\",\"potentialAction\":[{\"@type\":\"ReadAction\",\"target\":[\"https:\\\/\\\/meddygoossens.nl\\\/over-meddy\\\/\"]}]},{\"@type\":\"ImageObject\",\"inLanguage\":\"en-US\",\"@id\":\"https:\\\/\\\/meddygoossens.nl\\\/over-meddy\\\/#primaryimage\",\"url\":\"https:\\\/\\\/meddygoossens.nl\\\/wp-content\\\/uploads\\\/2026\\\/04\\\/Meddy-Goossens-5597.jpg\",\"contentUrl\":\"https:\\\/\\\/meddygoossens.nl\\\/wp-content\\\/uploads\\\/2026\\\/04\\\/Meddy-Goossens-5597.jpg\"},{\"@type\":\"BreadcrumbList\",\"@id\":\"https:\\\/\\\/meddygoossens.nl\\\/over-meddy\\\/#breadcrumb\",\"itemListElement\":[{\"@type\":\"ListItem\",\"position\":1,\"name\":\"Home\",\"item\":\"https:\\\/\\\/meddygoossens.nl\\\/\"},{\"@type\":\"ListItem\",\"position\":2,\"name\":\"Over Meddy\"}]},{\"@type\":\"WebSite\",\"@id\":\"https:\\\/\\\/meddygoossens.nl\\\/#website\",\"url\":\"https:\\\/\\\/meddygoossens.nl\\\/\",\"name\":\"Meddy Goossens\",\"description\":\"Spreker &amp; Auteur\",\"potentialAction\":[{\"@type\":\"SearchAction\",\"target\":{\"@type\":\"EntryPoint\",\"urlTemplate\":\"https:\\\/\\\/meddygoossens.nl\\\/?s={search_term_string}\"},\"query-input\":{\"@type\":\"PropertyValueSpecification\",\"valueRequired\":true,\"valueName\":\"search_term_string\"}}],\"inLanguage\":\"en-US\"}]}<\/script>\n<!-- \/ Yoast SEO plugin. -->","yoast_head_json":{"title":"Meddy Goossens - de kracht van radicale openheid","description":"Tien jaar zweeg Meddy Goossens over de verspreiding van haar priv\u00e9beelden. Nu vertelt ze haar verhaal zelf: eerlijk, rauw en vol power!","robots":{"index":"index","follow":"follow","max-snippet":"max-snippet:-1","max-image-preview":"max-image-preview:large","max-video-preview":"max-video-preview:-1"},"canonical":"https:\/\/meddygoossens.nl\/en\/over-meddy\/","og_locale":"en_US","og_type":"article","og_title":"Meddy Goossens - de kracht van radicale openheid","og_description":"Tien jaar zweeg Meddy Goossens over de verspreiding van haar priv\u00e9beelden. Nu vertelt ze haar verhaal zelf: eerlijk, rauw en vol power!","og_url":"https:\/\/meddygoossens.nl\/en\/over-meddy\/","og_site_name":"Meddy Goossens","article_modified_time":"2026-05-01T10:21:27+00:00","og_image":[{"url":"https:\/\/meddygoossens.nl\/wp-content\/uploads\/2026\/04\/Meddy-Goossens-5597.jpg","type":"","width":"","height":""}],"twitter_card":"summary_large_image","twitter_misc":{"Est. reading time":"4 minutes"},"schema":{"@context":"https:\/\/schema.org","@graph":[{"@type":"WebPage","@id":"https:\/\/meddygoossens.nl\/over-meddy\/","url":"https:\/\/meddygoossens.nl\/over-meddy\/","name":"Meddy Goossens - de kracht van radicale openheid","isPartOf":{"@id":"https:\/\/meddygoossens.nl\/#website"},"primaryImageOfPage":{"@id":"https:\/\/meddygoossens.nl\/over-meddy\/#primaryimage"},"image":{"@id":"https:\/\/meddygoossens.nl\/over-meddy\/#primaryimage"},"thumbnailUrl":"https:\/\/meddygoossens.nl\/wp-content\/uploads\/2026\/04\/Meddy-Goossens-5597.jpg","datePublished":"2026-04-08T19:03:47+00:00","dateModified":"2026-05-01T10:21:27+00:00","description":"Tien jaar zweeg Meddy Goossens over de verspreiding van haar priv\u00e9beelden. Nu vertelt ze haar verhaal zelf: eerlijk, rauw en vol power!","breadcrumb":{"@id":"https:\/\/meddygoossens.nl\/over-meddy\/#breadcrumb"},"inLanguage":"en-US","potentialAction":[{"@type":"ReadAction","target":["https:\/\/meddygoossens.nl\/over-meddy\/"]}]},{"@type":"ImageObject","inLanguage":"en-US","@id":"https:\/\/meddygoossens.nl\/over-meddy\/#primaryimage","url":"https:\/\/meddygoossens.nl\/wp-content\/uploads\/2026\/04\/Meddy-Goossens-5597.jpg","contentUrl":"https:\/\/meddygoossens.nl\/wp-content\/uploads\/2026\/04\/Meddy-Goossens-5597.jpg"},{"@type":"BreadcrumbList","@id":"https:\/\/meddygoossens.nl\/over-meddy\/#breadcrumb","itemListElement":[{"@type":"ListItem","position":1,"name":"Home","item":"https:\/\/meddygoossens.nl\/"},{"@type":"ListItem","position":2,"name":"Over Meddy"}]},{"@type":"WebSite","@id":"https:\/\/meddygoossens.nl\/#website","url":"https:\/\/meddygoossens.nl\/","name":"Meddy Goossens","description":"Spreker &amp; Auteur","potentialAction":[{"@type":"SearchAction","target":{"@type":"EntryPoint","urlTemplate":"https:\/\/meddygoossens.nl\/?s={search_term_string}"},"query-input":{"@type":"PropertyValueSpecification","valueRequired":true,"valueName":"search_term_string"}}],"inLanguage":"en-US"}]}},"_links":{"self":[{"href":"https:\/\/meddygoossens.nl\/en\/wp-json\/wp\/v2\/pages\/614","targetHints":{"allow":["GET"]}}],"collection":[{"href":"https:\/\/meddygoossens.nl\/en\/wp-json\/wp\/v2\/pages"}],"about":[{"href":"https:\/\/meddygoossens.nl\/en\/wp-json\/wp\/v2\/types\/page"}],"author":[{"embeddable":true,"href":"https:\/\/meddygoossens.nl\/en\/wp-json\/wp\/v2\/users\/5"}],"replies":[{"embeddable":true,"href":"https:\/\/meddygoossens.nl\/en\/wp-json\/wp\/v2\/comments?post=614"}],"version-history":[{"count":25,"href":"https:\/\/meddygoossens.nl\/en\/wp-json\/wp\/v2\/pages\/614\/revisions"}],"predecessor-version":[{"id":1030,"href":"https:\/\/meddygoossens.nl\/en\/wp-json\/wp\/v2\/pages\/614\/revisions\/1030"}],"wp:attachment":[{"href":"https:\/\/meddygoossens.nl\/en\/wp-json\/wp\/v2\/media?parent=614"}],"curies":[{"name":"wp","href":"https:\/\/api.w.org\/{rel}","templated":true}]}}